{"id":2,"date":"2023-10-03T10:58:10","date_gmt":"2023-10-03T08:58:10","guid":{"rendered":"https:\/\/serviciosintegralesingenieria.es\/?page_id=2"},"modified":"2024-05-13T12:01:31","modified_gmt":"2024-05-13T10:01:31","slug":"nuestros-servicios","status":"publish","type":"page","link":"https:\/\/serviciosintegralesingenieria.es\/en\/nuestros-servicios\/","title":{"rendered":"Our services"},"content":{"rendered":"<div data-colibri-id=\"2-c1\" class=\"style-381 style-local-2-c1 position-relative\">\n  <!---->\n  <div data-colibri-component=\"section\" data-colibri-id=\"2-c2\" id=\"initial-content\" class=\"h-section h-section-global-spacing d-flex align-items-lg-center align-items-md-center align-items-center style-382 style-local-2-c2 position-relative\">\n    <!---->\n    <!---->\n    <div class=\"h-section-grid-container h-section-boxed-container\">\n      <!---->\n      <div data-colibri-id=\"2-c3\" class=\"h-row-container gutters-row-lg-2 gutters-row-md-2 gutters-row-0 gutters-row-v-lg-2 gutters-row-v-md-2 gutters-row-v-2 style-383 style-local-2-c3 position-relative\">\n        <!---->\n        <div class=\"h-row justify-content-lg-center justify-content-md-center justify-content-center align-items-lg-stretch align-items-md-stretch align-items-stretch gutters-col-lg-2 gutters-col-md-2 gutters-col-0 gutters-col-v-lg-2 gutters-col-v-md-2 gutters-col-v-2\">\n          <!---->\n          <div class=\"h-column h-column-container d-flex h-col-lg-auto h-col-md-auto h-col-auto style-384-outer style-local-2-c4-outer\">\n            <div data-colibri-id=\"2-c4\" class=\"d-flex h-flex-basis h-column__inner h-px-lg-2 h-px-md-2 h-px-2 v-inner-lg-2 v-inner-md-2 v-inner-2 style-384 style-local-2-c4 position-relative\">\n              <!---->\n              <!---->\n              <div class=\"w-100 h-y-container h-column__content h-column__v-align flex-basis-100 align-self-lg-start align-self-md-start align-self-start\">\n                <!---->\n                <div data-colibri-id=\"2-c5\" class=\"style-385 style-local-2-c5 position-relative h-element\">\n                  <!---->\n                  <div>\n                    \n                    <p class=\"has-text-align-center has-black-color has-text-color\">En Sigma, nos enorgullece ofrecer una gama completa de servicios de ingenier\u00eda dise\u00f1ados para impulsar el \u00e9xito de nuestros clientes. Nos apasiona la innovaci\u00f3n, la eficiencia y la resoluci\u00f3n de desaf\u00edos complejos. Ya sea que est\u00e9\n                      buscando soluciones para un proyecto espec\u00edfico o busque un socio confiable para sus necesidades de ingenier\u00eda a largo plazo, estamos aqu\u00ed para brindarle la experiencia y el compromiso que merece.<\/p>\n                    \n\n                    \n                    <div class=\"wp-block-columns is-layout-flex wp-container-core-columns-is-layout-9d6595d7 wp-block-columns-is-layout-flex\">\n                      \n                      <div class=\"wp-block-column is-layout-flow wp-block-column-is-layout-flow\">\n                        \n                        <figure class=\"wp-block-image size-full\">\n                          <img loading=\"lazy\" decoding=\"async\" width=\"500\" height=\"500\" src=\"https:\/\/serviciosintegralesingenieria.es\/wp-content\/uploads\/2023\/10\/1-4.png\" alt=\"\" class=\"wp-image-149\" srcset=\"https:\/\/serviciosintegralesingenieria.es\/wp-content\/uploads\/2023\/10\/1-4.png 500w, https:\/\/serviciosintegralesingenieria.es\/wp-content\/uploads\/2023\/10\/1-4-300x300.png 300w, https:\/\/serviciosintegralesingenieria.es\/wp-content\/uploads\/2023\/10\/1-4-150x150.png 150w\" sizes=\"auto, (max-width: 500px) 100vw, 500px\" \/>\n                        <\/figure>\n                        \n                      <\/div>\n                      \n\n                      \n                      <div class=\"wp-block-column is-layout-flow wp-block-column-is-layout-flow\">\n                        \n                        <figure class=\"wp-block-image size-full\">\n                          <img loading=\"lazy\" decoding=\"async\" width=\"500\" height=\"500\" src=\"https:\/\/serviciosintegralesingenieria.es\/wp-content\/uploads\/2023\/10\/2-3.png\" alt=\"\" class=\"wp-image-150\" srcset=\"https:\/\/serviciosintegralesingenieria.es\/wp-content\/uploads\/2023\/10\/2-3.png 500w, https:\/\/serviciosintegralesingenieria.es\/wp-content\/uploads\/2023\/10\/2-3-300x300.png 300w, https:\/\/serviciosintegralesingenieria.es\/wp-content\/uploads\/2023\/10\/2-3-150x150.png 150w\" sizes=\"auto, (max-width: 500px) 100vw, 500px\" \/>\n                        <\/figure>\n                        \n                      <\/div>\n                      \n\n                      \n                      <div class=\"wp-block-column is-layout-flow wp-block-column-is-layout-flow\">\n                        \n                        <figure class=\"wp-block-image size-full\">\n                          <img loading=\"lazy\" decoding=\"async\" width=\"500\" height=\"500\" src=\"https:\/\/serviciosintegralesingenieria.es\/wp-content\/uploads\/2023\/10\/3-2.png\" alt=\"\" class=\"wp-image-151\" srcset=\"https:\/\/serviciosintegralesingenieria.es\/wp-content\/uploads\/2023\/10\/3-2.png 500w, https:\/\/serviciosintegralesingenieria.es\/wp-content\/uploads\/2023\/10\/3-2-300x300.png 300w, https:\/\/serviciosintegralesingenieria.es\/wp-content\/uploads\/2023\/10\/3-2-150x150.png 150w\" sizes=\"auto, (max-width: 500px) 100vw, 500px\" \/>\n                        <\/figure>\n                        \n                      <\/div>\n                      \n                    <\/div>\n                    \n\n                    \n                    <div class=\"wp-block-columns is-layout-flex wp-container-core-columns-is-layout-9d6595d7 wp-block-columns-is-layout-flex\">\n                      \n                      <div class=\"wp-block-column is-layout-flow wp-block-column-is-layout-flow\">\n                        \n                        <figure class=\"wp-block-image size-full\">\n                          <img loading=\"lazy\" decoding=\"async\" width=\"500\" height=\"500\" src=\"https:\/\/serviciosintegralesingenieria.es\/wp-content\/uploads\/2023\/10\/4-2.png\" alt=\"\" class=\"wp-image-152\" srcset=\"https:\/\/serviciosintegralesingenieria.es\/wp-content\/uploads\/2023\/10\/4-2.png 500w, https:\/\/serviciosintegralesingenieria.es\/wp-content\/uploads\/2023\/10\/4-2-300x300.png 300w, https:\/\/serviciosintegralesingenieria.es\/wp-content\/uploads\/2023\/10\/4-2-150x150.png 150w\" sizes=\"auto, (max-width: 500px) 100vw, 500px\" \/>\n                        <\/figure>\n                        \n                      <\/div>\n                      \n\n                      \n                      <div class=\"wp-block-column is-layout-flow wp-block-column-is-layout-flow\">\n                        \n                        <figure class=\"wp-block-image size-full\">\n                          <img loading=\"lazy\" decoding=\"async\" width=\"500\" height=\"500\" src=\"https:\/\/serviciosintegralesingenieria.es\/wp-content\/uploads\/2023\/10\/5-2.png\" alt=\"\" class=\"wp-image-153\" srcset=\"https:\/\/serviciosintegralesingenieria.es\/wp-content\/uploads\/2023\/10\/5-2.png 500w, https:\/\/serviciosintegralesingenieria.es\/wp-content\/uploads\/2023\/10\/5-2-300x300.png 300w, https:\/\/serviciosintegralesingenieria.es\/wp-content\/uploads\/2023\/10\/5-2-150x150.png 150w\" sizes=\"auto, (max-width: 500px) 100vw, 500px\" \/>\n                        <\/figure>\n                        \n                      <\/div>\n                      \n\n                      \n                      <div class=\"wp-block-column is-layout-flow wp-block-column-is-layout-flow\">\n                        \n                        <figure class=\"wp-block-image size-full\">\n                          <img loading=\"lazy\" decoding=\"async\" width=\"500\" height=\"500\" src=\"https:\/\/serviciosintegralesingenieria.es\/wp-content\/uploads\/2023\/10\/6-2.png\" alt=\"\" class=\"wp-image-154\" srcset=\"https:\/\/serviciosintegralesingenieria.es\/wp-content\/uploads\/2023\/10\/6-2.png 500w, https:\/\/serviciosintegralesingenieria.es\/wp-content\/uploads\/2023\/10\/6-2-300x300.png 300w, https:\/\/serviciosintegralesingenieria.es\/wp-content\/uploads\/2023\/10\/6-2-150x150.png 150w\" sizes=\"auto, (max-width: 500px) 100vw, 500px\" \/>\n                        <\/figure>\n                        \n                      <\/div>\n                      \n                    <\/div>\n                    \n\n                    \n                    <div class=\"wp-block-columns is-layout-flex wp-container-core-columns-is-layout-9d6595d7 wp-block-columns-is-layout-flex\">\n                      \n                      <div class=\"wp-block-column is-layout-flow wp-block-column-is-layout-flow\">\n                        \n                        <figure class=\"wp-block-image size-full\">\n                          <img loading=\"lazy\" decoding=\"async\" width=\"500\" height=\"500\" src=\"https:\/\/serviciosintegralesingenieria.es\/wp-content\/uploads\/2023\/10\/9-2.png\" alt=\"\" class=\"wp-image-157\" srcset=\"https:\/\/serviciosintegralesingenieria.es\/wp-content\/uploads\/2023\/10\/9-2.png 500w, https:\/\/serviciosintegralesingenieria.es\/wp-content\/uploads\/2023\/10\/9-2-300x300.png 300w, https:\/\/serviciosintegralesingenieria.es\/wp-content\/uploads\/2023\/10\/9-2-150x150.png 150w\" sizes=\"auto, (max-width: 500px) 100vw, 500px\" \/>\n                        <\/figure>\n                        \n                      <\/div>\n                      \n\n                      \n                      <div class=\"wp-block-column is-layout-flow wp-block-column-is-layout-flow\">\n                        \n                        <figure class=\"wp-block-image size-full\">\n                          <img loading=\"lazy\" decoding=\"async\" width=\"500\" height=\"500\" src=\"https:\/\/serviciosintegralesingenieria.es\/wp-content\/uploads\/2023\/10\/7-2.png\" alt=\"\" class=\"wp-image-155\" srcset=\"https:\/\/serviciosintegralesingenieria.es\/wp-content\/uploads\/2023\/10\/7-2.png 500w, https:\/\/serviciosintegralesingenieria.es\/wp-content\/uploads\/2023\/10\/7-2-300x300.png 300w, https:\/\/serviciosintegralesingenieria.es\/wp-content\/uploads\/2023\/10\/7-2-150x150.png 150w\" sizes=\"auto, (max-width: 500px) 100vw, 500px\" \/>\n                        <\/figure>\n                        \n                      <\/div>\n                      \n\n                      \n                      <div class=\"wp-block-column is-layout-flow wp-block-column-is-layout-flow\">\n                        \n                        <figure class=\"wp-block-image size-full\">\n                          <img loading=\"lazy\" decoding=\"async\" width=\"500\" height=\"500\" src=\"https:\/\/serviciosintegralesingenieria.es\/wp-content\/uploads\/2023\/10\/8-2.png\" alt=\"\" class=\"wp-image-156\" srcset=\"https:\/\/serviciosintegralesingenieria.es\/wp-content\/uploads\/2023\/10\/8-2.png 500w, https:\/\/serviciosintegralesingenieria.es\/wp-content\/uploads\/2023\/10\/8-2-300x300.png 300w, https:\/\/serviciosintegralesingenieria.es\/wp-content\/uploads\/2023\/10\/8-2-150x150.png 150w\" sizes=\"auto, (max-width: 500px) 100vw, 500px\" \/>\n                        <\/figure>\n                        \n                      <\/div>\n                      \n                    <\/div>\n                    \n\n                    \n                    <div style=\"height:51px\" aria-hidden=\"true\" class=\"wp-block-spacer\"><\/div>\n                    \n\n                    \n                    <div class=\"wp-block-columns is-layout-flex wp-container-core-columns-is-layout-9d6595d7 wp-block-columns-is-layout-flex\">\n                      \n                      <div class=\"wp-block-column is-layout-flow wp-block-column-is-layout-flow\"><\/div>\n                      \n\n                      \n                      <div class=\"wp-block-column is-layout-flow wp-block-column-is-layout-flow\"><\/div>\n                      \n                    <\/div>\n                    \n\n                    \n                    <div class=\"wp-block-columns is-layout-flex wp-container-core-columns-is-layout-9d6595d7 wp-block-columns-is-layout-flex\">\n                      \n                      <div class=\"wp-block-column is-layout-flow wp-block-column-is-layout-flow\"><\/div>\n                      \n\n                      \n                      <div class=\"wp-block-column is-layout-flow wp-block-column-is-layout-flow\"><\/div>\n                      \n                    <\/div>\n                    \n                  <\/div>\n                <\/div>\n              <\/div>\n            <\/div>\n          <\/div>\n        <\/div>\n      <\/div>\n    <\/div>\n  <\/div>\n  <div data-colibri-component=\"section\" data-colibri-id=\"2-c6\" id=\"custom\" class=\"h-section h-section-global-spacing d-flex align-items-lg-center align-items-md-center align-items-center style-386 style-local-2-c6 position-relative\">\n    <!---->\n    <!---->\n    <div class=\"h-section-grid-container h-section-boxed-container\">\n      <!---->\n      <div data-colibri-id=\"2-c7\" class=\"h-row-container gutters-row-lg-2 gutters-row-md-2 gutters-row-0 gutters-row-v-lg-2 gutters-row-v-md-2 gutters-row-v-2 style-387 style-local-2-c7 position-relative\">\n        <!---->\n        <div class=\"h-row justify-content-lg-center justify-content-md-center justify-content-center align-items-lg-stretch align-items-md-stretch align-items-stretch gutters-col-lg-2 gutters-col-md-2 gutters-col-0 gutters-col-v-lg-2 gutters-col-v-md-2 gutters-col-v-2\">\n          <!---->\n          <div class=\"h-column h-column-container d-flex h-col-lg-auto h-col-md-auto h-col-auto style-388-outer style-local-2-c8-outer\">\n            <div data-colibri-id=\"2-c8\" class=\"d-flex h-flex-basis h-column__inner h-px-lg-2 h-px-md-2 h-px-2 v-inner-lg-2 v-inner-md-2 v-inner-2 style-388 style-local-2-c8 position-relative\">\n              <!---->\n              <!---->\n              <div class=\"w-100 h-y-container h-column__content h-column__v-align flex-basis-100 align-self-lg-start align-self-md-start align-self-start\">\n                <!---->\n                <div data-colibri-id=\"2-c9\" class=\"d-block style-389 style-local-2-c9 position-relative h-element\">\n                  <!---->\n                  <div class=\"h-image__frame-container-outer\">\n                    <div class=\"h-image__frame-container\">\n                      <!---->\n                      <!---->\n                      <img loading=\"lazy\" decoding=\"async\" width=\"1200\" height=\"112\" src=\"https:\/\/serviciosintegralesingenieria.es\/wp-content\/uploads\/2024\/05\/kit-digital-conbandera.png\" class=\"wp-image-1681 style-389-image style-local-2-c9-image\" alt=\"\" srcset=\"https:\/\/serviciosintegralesingenieria.es\/wp-content\/uploads\/2024\/05\/kit-digital-conbandera.png 1200w, https:\/\/serviciosintegralesingenieria.es\/wp-content\/uploads\/2024\/05\/kit-digital-conbandera-300x28.png 300w, https:\/\/serviciosintegralesingenieria.es\/wp-content\/uploads\/2024\/05\/kit-digital-conbandera-1024x96.png 1024w, https:\/\/serviciosintegralesingenieria.es\/wp-content\/uploads\/2024\/05\/kit-digital-conbandera-768x72.png 768w, https:\/\/serviciosintegralesingenieria.es\/wp-content\/uploads\/2024\/05\/kit-digital-conbandera-18x2.png 18w\" sizes=\"auto, (max-width: 1200px) 100vw, 1200px\" \/>\n                      <div class=\"h-image__frame h-hide-lg h-hide-md h-hide-sm style-389-frameImage style-local-2-c9-frameImage\"><\/div>\n                    <\/div>\n                  <\/div>\n                <\/div>\n              <\/div>\n            <\/div>\n          <\/div>\n        <\/div>\n      <\/div>\n    <\/div>\n  <\/div>\n<\/div>","protected":false},"excerpt":{"rendered":"<p>En Sigma, nos enorgullece ofrecer una gama completa de servicios de ingenier\u00eda dise\u00f1ados para impulsar el \u00e9xito de nuestros clientes. Nos apasiona la innovaci\u00f3n, la eficiencia y la resoluci\u00f3n de desaf\u00edos complejos. Ya sea que est\u00e9 buscando soluciones para un proyecto espec\u00edfico o busque un socio confiable para sus necesidades de ingenier\u00eda a largo plazo, [&hellip;]<\/p>","protected":false},"author":2,"featured_media":0,"parent":0,"menu_order":0,"comment_status":"closed","ping_status":"closed","template":"page-templates\/full-width-page.php","meta":{"footnotes":""},"class_list":["post-2","page","type-page","status-publish","hentry"],"yoast_head":"<!-- This site is optimized with the Yoast SEO plugin v23.0 - https:\/\/yoast.com\/wordpress\/plugins\/seo\/ -->\n<title>Nuestros Servicios - SIGMA, Servicios de Ingenier\u00eda<\/title>\n<meta name=\"robots\" content=\"index, follow, max-snippet:-1, max-image-preview:large, max-video-preview:-1\" \/>\n<link rel=\"canonical\" href=\"https:\/\/serviciosintegralesingenieria.es\/en\/nuestros-servicios\/\" \/>\n<meta property=\"og:locale\" content=\"en_US\" \/>\n<meta property=\"og:type\" content=\"article\" \/>\n<meta property=\"og:title\" content=\"Nuestros Servicios - SIGMA, Servicios de Ingenier\u00eda\" \/>\n<meta property=\"og:description\" content=\"En Sigma, nos enorgullece ofrecer una gama completa de servicios de ingenier\u00eda dise\u00f1ados para impulsar el \u00e9xito de nuestros clientes. Nos apasiona la innovaci\u00f3n, la eficiencia y la resoluci\u00f3n de desaf\u00edos complejos. Ya sea que est\u00e9 buscando soluciones para un proyecto espec\u00edfico o busque un socio confiable para sus necesidades de ingenier\u00eda a largo plazo, [&hellip;]\" \/>\n<meta property=\"og:url\" content=\"https:\/\/serviciosintegralesingenieria.es\/en\/nuestros-servicios\/\" \/>\n<meta property=\"og:site_name\" content=\"SIGMA, Servicios de Ingenier\u00eda\" \/>\n<meta property=\"article:modified_time\" content=\"2024-05-13T10:01:31+00:00\" \/>\n<meta property=\"og:image\" content=\"https:\/\/serviciosintegralesingenieria.es\/wp-content\/uploads\/2023\/10\/1-4.png\" \/>\n<meta name=\"twitter:card\" content=\"summary_large_image\" \/>\n<script type=\"application\/ld+json\" class=\"yoast-schema-graph\">{\"@context\":\"https:\/\/schema.org\",\"@graph\":[{\"@type\":\"WebPage\",\"@id\":\"https:\/\/serviciosintegralesingenieria.es\/nuestros-servicios\/\",\"url\":\"https:\/\/serviciosintegralesingenieria.es\/nuestros-servicios\/\",\"name\":\"Nuestros Servicios - SIGMA, Servicios de Ingenier\u00eda\",\"isPartOf\":{\"@id\":\"https:\/\/serviciosintegralesingenieria.es\/#website\"},\"primaryImageOfPage\":{\"@id\":\"https:\/\/serviciosintegralesingenieria.es\/nuestros-servicios\/#primaryimage\"},\"image\":{\"@id\":\"https:\/\/serviciosintegralesingenieria.es\/nuestros-servicios\/#primaryimage\"},\"thumbnailUrl\":\"https:\/\/serviciosintegralesingenieria.es\/wp-content\/uploads\/2023\/10\/1-4.png\",\"datePublished\":\"2023-10-03T08:58:10+00:00\",\"dateModified\":\"2024-05-13T10:01:31+00:00\",\"breadcrumb\":{\"@id\":\"https:\/\/serviciosintegralesingenieria.es\/nuestros-servicios\/#breadcrumb\"},\"inLanguage\":\"en-US\",\"potentialAction\":[{\"@type\":\"ReadAction\",\"target\":[\"https:\/\/serviciosintegralesingenieria.es\/nuestros-servicios\/\"]}]},{\"@type\":\"ImageObject\",\"inLanguage\":\"en-US\",\"@id\":\"https:\/\/serviciosintegralesingenieria.es\/nuestros-servicios\/#primaryimage\",\"url\":\"https:\/\/serviciosintegralesingenieria.es\/wp-content\/uploads\/2023\/10\/1-4.png\",\"contentUrl\":\"https:\/\/serviciosintegralesingenieria.es\/wp-content\/uploads\/2023\/10\/1-4.png\"},{\"@type\":\"BreadcrumbList\",\"@id\":\"https:\/\/serviciosintegralesingenieria.es\/nuestros-servicios\/#breadcrumb\",\"itemListElement\":[{\"@type\":\"ListItem\",\"position\":1,\"name\":\"Portada\",\"item\":\"https:\/\/serviciosintegralesingenieria.es\/\"},{\"@type\":\"ListItem\",\"position\":2,\"name\":\"Nuestros Servicios\"}]},{\"@type\":\"WebSite\",\"@id\":\"https:\/\/serviciosintegralesingenieria.es\/#website\",\"url\":\"https:\/\/serviciosintegralesingenieria.es\/\",\"name\":\"SIGMA, Servicios de Ingenier\u00eda\",\"description\":\"Soluciones integrales de ingenier\u00eda de principio a fin\",\"publisher\":{\"@id\":\"https:\/\/serviciosintegralesingenieria.es\/#organization\"},\"potentialAction\":[{\"@type\":\"SearchAction\",\"target\":{\"@type\":\"EntryPoint\",\"urlTemplate\":\"https:\/\/serviciosintegralesingenieria.es\/?s={search_term_string}\"},\"query-input\":\"required name=search_term_string\"}],\"inLanguage\":\"en-US\"},{\"@type\":\"Organization\",\"@id\":\"https:\/\/serviciosintegralesingenieria.es\/#organization\",\"name\":\"SIGMA, Servicios de Ingenier\u00eda\",\"url\":\"https:\/\/serviciosintegralesingenieria.es\/\",\"logo\":{\"@type\":\"ImageObject\",\"inLanguage\":\"en-US\",\"@id\":\"https:\/\/serviciosintegralesingenieria.es\/#\/schema\/logo\/image\/\",\"url\":\"https:\/\/serviciosintegralesingenieria.es\/wp-content\/uploads\/2023\/11\/logo-para-banner.png\",\"contentUrl\":\"https:\/\/serviciosintegralesingenieria.es\/wp-content\/uploads\/2023\/11\/logo-para-banner.png\",\"width\":439,\"height\":242,\"caption\":\"SIGMA, Servicios de Ingenier\u00eda\"},\"image\":{\"@id\":\"https:\/\/serviciosintegralesingenieria.es\/#\/schema\/logo\/image\/\"}}]}<\/script>\n<!-- \/ Yoast SEO plugin. -->","yoast_head_json":{"title":"Nuestros Servicios - SIGMA, Servicios de Ingenier\u00eda","robots":{"index":"index","follow":"follow","max-snippet":"max-snippet:-1","max-image-preview":"max-image-preview:large","max-video-preview":"max-video-preview:-1"},"canonical":"https:\/\/serviciosintegralesingenieria.es\/en\/nuestros-servicios\/","og_locale":"en_US","og_type":"article","og_title":"Nuestros Servicios - SIGMA, Servicios de Ingenier\u00eda","og_description":"En Sigma, nos enorgullece ofrecer una gama completa de servicios de ingenier\u00eda dise\u00f1ados para impulsar el \u00e9xito de nuestros clientes. Nos apasiona la innovaci\u00f3n, la eficiencia y la resoluci\u00f3n de desaf\u00edos complejos. Ya sea que est\u00e9 buscando soluciones para un proyecto espec\u00edfico o busque un socio confiable para sus necesidades de ingenier\u00eda a largo plazo, [&hellip;]","og_url":"https:\/\/serviciosintegralesingenieria.es\/en\/nuestros-servicios\/","og_site_name":"SIGMA, Servicios de Ingenier\u00eda","article_modified_time":"2024-05-13T10:01:31+00:00","og_image":[{"url":"https:\/\/serviciosintegralesingenieria.es\/wp-content\/uploads\/2023\/10\/1-4.png"}],"twitter_card":"summary_large_image","schema":{"@context":"https:\/\/schema.org","@graph":[{"@type":"WebPage","@id":"https:\/\/serviciosintegralesingenieria.es\/nuestros-servicios\/","url":"https:\/\/serviciosintegralesingenieria.es\/nuestros-servicios\/","name":"Nuestros Servicios - SIGMA, Servicios de Ingenier\u00eda","isPartOf":{"@id":"https:\/\/serviciosintegralesingenieria.es\/#website"},"primaryImageOfPage":{"@id":"https:\/\/serviciosintegralesingenieria.es\/nuestros-servicios\/#primaryimage"},"image":{"@id":"https:\/\/serviciosintegralesingenieria.es\/nuestros-servicios\/#primaryimage"},"thumbnailUrl":"https:\/\/serviciosintegralesingenieria.es\/wp-content\/uploads\/2023\/10\/1-4.png","datePublished":"2023-10-03T08:58:10+00:00","dateModified":"2024-05-13T10:01:31+00:00","breadcrumb":{"@id":"https:\/\/serviciosintegralesingenieria.es\/nuestros-servicios\/#breadcrumb"},"inLanguage":"en-US","potentialAction":[{"@type":"ReadAction","target":["https:\/\/serviciosintegralesingenieria.es\/nuestros-servicios\/"]}]},{"@type":"ImageObject","inLanguage":"en-US","@id":"https:\/\/serviciosintegralesingenieria.es\/nuestros-servicios\/#primaryimage","url":"https:\/\/serviciosintegralesingenieria.es\/wp-content\/uploads\/2023\/10\/1-4.png","contentUrl":"https:\/\/serviciosintegralesingenieria.es\/wp-content\/uploads\/2023\/10\/1-4.png"},{"@type":"BreadcrumbList","@id":"https:\/\/serviciosintegralesingenieria.es\/nuestros-servicios\/#breadcrumb","itemListElement":[{"@type":"ListItem","position":1,"name":"Portada","item":"https:\/\/serviciosintegralesingenieria.es\/"},{"@type":"ListItem","position":2,"name":"Nuestros Servicios"}]},{"@type":"WebSite","@id":"https:\/\/serviciosintegralesingenieria.es\/#website","url":"https:\/\/serviciosintegralesingenieria.es\/","name":"SIGMA, Servicios de Ingenier\u00eda","description":"Soluciones integrales de ingenier\u00eda de principio a fin","publisher":{"@id":"https:\/\/serviciosintegralesingenieria.es\/#organization"},"potentialAction":[{"@type":"SearchAction","target":{"@type":"EntryPoint","urlTemplate":"https:\/\/serviciosintegralesingenieria.es\/?s={search_term_string}"},"query-input":"required name=search_term_string"}],"inLanguage":"en-US"},{"@type":"Organization","@id":"https:\/\/serviciosintegralesingenieria.es\/#organization","name":"SIGMA, Servicios de Ingenier\u00eda","url":"https:\/\/serviciosintegralesingenieria.es\/","logo":{"@type":"ImageObject","inLanguage":"en-US","@id":"https:\/\/serviciosintegralesingenieria.es\/#\/schema\/logo\/image\/","url":"https:\/\/serviciosintegralesingenieria.es\/wp-content\/uploads\/2023\/11\/logo-para-banner.png","contentUrl":"https:\/\/serviciosintegralesingenieria.es\/wp-content\/uploads\/2023\/11\/logo-para-banner.png","width":439,"height":242,"caption":"SIGMA, Servicios de Ingenier\u00eda"},"image":{"@id":"https:\/\/serviciosintegralesingenieria.es\/#\/schema\/logo\/image\/"}}]}},"_links":{"self":[{"href":"https:\/\/serviciosintegralesingenieria.es\/en\/wp-json\/wp\/v2\/pages\/2","targetHints":{"allow":["GET"]}}],"collection":[{"href":"https:\/\/serviciosintegralesingenieria.es\/en\/wp-json\/wp\/v2\/pages"}],"about":[{"href":"https:\/\/serviciosintegralesingenieria.es\/en\/wp-json\/wp\/v2\/types\/page"}],"author":[{"embeddable":true,"href":"https:\/\/serviciosintegralesingenieria.es\/en\/wp-json\/wp\/v2\/users\/2"}],"replies":[{"embeddable":true,"href":"https:\/\/serviciosintegralesingenieria.es\/en\/wp-json\/wp\/v2\/comments?post=2"}],"version-history":[{"count":20,"href":"https:\/\/serviciosintegralesingenieria.es\/en\/wp-json\/wp\/v2\/pages\/2\/revisions"}],"predecessor-version":[{"id":1747,"href":"https:\/\/serviciosintegralesingenieria.es\/en\/wp-json\/wp\/v2\/pages\/2\/revisions\/1747"}],"wp:attachment":[{"href":"https:\/\/serviciosintegralesingenieria.es\/en\/wp-json\/wp\/v2\/media?parent=2"}],"curies":[{"name":"wp","href":"https:\/\/api.w.org\/{rel}","templated":true}]}}