{"id":127,"date":"2023-10-17T15:03:01","date_gmt":"2023-10-17T13:03:01","guid":{"rendered":"https:\/\/serviciosintegralesingenieria.es\/?page_id=127"},"modified":"2024-05-13T11:58:41","modified_gmt":"2024-05-13T09:58:41","slug":"consultoria-en-proyectos-y-operaciones","status":"publish","type":"page","link":"https:\/\/serviciosintegralesingenieria.es\/en\/consultoria-en-proyectos-y-operaciones\/","title":{"rendered":"Consultor\u00eda para la Optimizaci\u00f3n de Operaciones"},"content":{"rendered":"<div data-colibri-id=\"127-c1\" class=\"style-1133 style-local-127-c1 position-relative\">\n  <!---->\n  <div data-colibri-component=\"section\" data-colibri-id=\"127-c2\" id=\"custom\" class=\"h-section h-section-global-spacing d-flex align-items-lg-center align-items-md-center align-items-center style-1134 style-local-127-c2 position-relative\">\n    <!---->\n    <!---->\n    <div class=\"h-section-grid-container h-section-boxed-container\">\n      <!---->\n      <div data-colibri-id=\"127-c3\" class=\"h-row-container gutters-row-lg-2 gutters-row-md-2 gutters-row-0 gutters-row-v-lg-2 gutters-row-v-md-2 gutters-row-v-2 style-1135 style-local-127-c3 position-relative\">\n        <!---->\n        <div class=\"h-row justify-content-lg-center justify-content-md-center justify-content-center align-items-lg-stretch align-items-md-stretch align-items-stretch gutters-col-lg-2 gutters-col-md-2 gutters-col-0 gutters-col-v-lg-2 gutters-col-v-md-2 gutters-col-v-2\">\n          <!---->\n          <div class=\"h-column h-column-container d-flex h-col-lg-auto h-col-md-auto h-col-auto style-1136-outer style-local-127-c4-outer\">\n            <div data-colibri-id=\"127-c4\" class=\"d-flex h-flex-basis h-column__inner h-px-lg-2 h-px-md-2 h-px-2 v-inner-lg-2 v-inner-md-2 v-inner-2 style-1136 style-local-127-c4 position-relative\">\n              <!---->\n              <!---->\n              <div class=\"w-100 h-y-container h-column__content h-column__v-align flex-basis-100 align-self-lg-start align-self-md-start align-self-start\">\n                <!---->\n                <div data-colibri-id=\"127-c5\" class=\"h-text h-text-component style-1137 style-local-127-c5 position-relative h-element\">\n                  <!---->\n                  <!---->\n                  <div class=\"\">\n                    <p><strong>SIGMA GROUP<\/strong> ofrece servicios de consultor\u00eda para la optimizaci\u00f3n de operaciones en el sector cementero, minero y de manejo de graneles. Nuestro equipo de consultores ofrece perspectivas estrat\u00e9gicas y soluciones innovadoras\n                      para ayudar a nuestros Clientes a alcanzar sus objetivos.<\/p>\n                  <\/div>\n                <\/div>\n              <\/div>\n            <\/div>\n          <\/div>\n        <\/div>\n      <\/div>\n    <\/div>\n  <\/div>\n  <div data-colibri-component=\"section\" data-colibri-id=\"127-c6\" id=\"about\" class=\"h-section h-section-global-spacing d-flex align-items-lg-center align-items-md-center align-items-center style-1149 style-local-127-c6 position-relative\">\n    <!---->\n    <!---->\n    <div class=\"h-section-grid-container h-section-boxed-container\">\n      <!---->\n      <div data-colibri-id=\"127-c7\" class=\"h-row-container gutters-row-lg-2 gutters-row-md-2 gutters-row-0 gutters-row-v-lg-2 gutters-row-v-md-2 gutters-row-v-2 style-1156 style-local-127-c7 position-relative\">\n        <!---->\n        <div class=\"h-row justify-content-lg-center justify-content-md-center justify-content-center align-items-lg-stretch align-items-md-stretch align-items-stretch gutters-col-lg-2 gutters-col-md-2 gutters-col-0 gutters-col-v-lg-2 gutters-col-v-md-2 gutters-col-v-2\">\n          <!---->\n          <div class=\"h-column h-column-container d-flex h-col-lg-auto h-col-md-auto h-col-auto style-1157-outer style-local-127-c8-outer\">\n            <div data-colibri-id=\"127-c8\" class=\"d-flex h-flex-basis h-column__inner h-px-lg-2 h-px-md-2 h-px-2 v-inner-lg-2 v-inner-md-2 v-inner-2 style-1157 style-local-127-c8 position-relative\">\n              <!---->\n              <!---->\n              <div class=\"w-100 h-y-container h-column__content h-column__v-align flex-basis-100 align-self-lg-start align-self-md-start align-self-start\">\n                <!---->\n                <div data-colibri-id=\"127-c9\" class=\"h-text h-text-component style-1159 style-local-127-c9 position-relative h-element\">\n                  <!---->\n                  <!---->\n                  <div class=\"\">\n                    <p><strong>Nuestros servicios de consultor\u00eda incluyen:<\/strong><\/p>\n                    <ul>\n                      <li>Planificaci\u00f3n estrat\u00e9gica: ayudamos a nuestros Clientes a desarrollar planes estrat\u00e9gicos que les permitan alcanzar sus objetivos de negocio.<\/li>\n                    <\/ul>\n                    <p>\n                      <br>\n                    <\/p>\n                    <ul>\n                      <li>Gesti\u00f3n operativa: apoyamos a nuestros Clientes en la gesti\u00f3n de sus operaciones diarias, optimizando procesos y reduciendo costes.<\/li>\n                    <\/ul>\n                    <p>\n                      <br>\n                    <\/p>\n                    <p><strong>Nuestros consultores ofrecen perspectivas estrat\u00e9gicas y soluciones innovadoras para ayudar a nuestros Clientes a:<\/strong><\/p>\n                    <ul>\n                      <li>Mejorar la eficiencia y la productividad<\/li>\n                      <li>Reducir costes<\/li>\n                      <li>Aumentar la calidad<\/li>\n                      <li>Mejorar la seguridad<\/li>\n                      <li>Proteger el medio ambiente<\/li>\n                    <\/ul>\n                    <p>Estamos <strong>comprometidos con la excelencia en el servicio <\/strong>y nos esforzamos por ofrecer a nuestros Clientes los mejores resultados posibles.<\/p>\n                  <\/div>\n                <\/div>\n              <\/div>\n            <\/div>\n          <\/div>\n          <div class=\"h-column h-column-container d-flex h-col-lg-auto h-col-md-auto h-col-auto style-1158-outer style-local-127-c10-outer\">\n            <div data-colibri-id=\"127-c10\" class=\"d-flex h-flex-basis h-column__inner h-px-lg-2 h-px-md-2 h-px-2 v-inner-lg-2 v-inner-md-2 v-inner-2 style-1158 style-local-127-c10 position-relative\">\n              <!---->\n              <!---->\n              <div class=\"w-100 h-y-container h-column__content h-column__v-align flex-basis-100 align-self-lg-start align-self-md-start align-self-start\">\n                <!---->\n                <div data-colibri-id=\"127-c11\" class=\"h-text h-text-component style-1162 style-local-127-c11 position-relative h-element\">\n                  <!---->\n                  <!---->\n                  <div class=\"\">\n                    <p><strong style=\"font-size: 16px; font-family: &quot;Open Sans&quot;; color: rgb(105, 108, 119);\">ESTUDIO T\u00c9CNICO-ECON\u00d3MICO MOLIENDA DE CLINKER EN KENIA<\/strong><\/p>\n                  <\/div>\n                <\/div>\n                <div data-colibri-id=\"127-c12\" class=\"d-block style-1160 style-local-127-c12 position-relative h-element\">\n                  <!---->\n                  <div class=\"h-image__frame-container-outer\">\n                    <div class=\"h-image__frame-container\">\n                      <!---->\n                      <!---->\n                      <img loading=\"lazy\" decoding=\"async\" width=\"600\" height=\"414\" src=\"https:\/\/serviciosintegralesingenieria.es\/wp-content\/uploads\/2024\/05\/sigma15.jpg\" class=\"wp-image-1540 style-1160-image style-local-127-c12-image\" alt=\"\" srcset=\"https:\/\/serviciosintegralesingenieria.es\/wp-content\/uploads\/2024\/05\/sigma15.jpg 600w, https:\/\/serviciosintegralesingenieria.es\/wp-content\/uploads\/2024\/05\/sigma15-300x207.jpg 300w, https:\/\/serviciosintegralesingenieria.es\/wp-content\/uploads\/2024\/05\/sigma15-18x12.jpg 18w\" sizes=\"auto, (max-width: 600px) 100vw, 600px\" \/>\n                      <div class=\"h-image__frame h-hide-lg h-hide-md h-hide-sm style-1160-frameImage style-local-127-c12-frameImage\"><\/div>\n                    <\/div>\n                  <\/div>\n                <\/div>\n              <\/div>\n            <\/div>\n          <\/div>\n        <\/div>\n      <\/div>\n    <\/div>\n  <\/div>\n  <div data-colibri-component=\"section\" data-colibri-id=\"127-c13\" id=\"custom-3\" class=\"h-section h-section-global-spacing d-flex align-items-lg-center align-items-md-center align-items-center style-1145 style-local-127-c13 position-relative\">\n    <!---->\n    <!---->\n    <div class=\"h-section-grid-container h-section-boxed-container\">\n      <!---->\n      <div data-colibri-id=\"127-c14\" class=\"h-row-container gutters-row-lg-2 gutters-row-md-2 gutters-row-0 gutters-row-v-lg-2 gutters-row-v-md-2 gutters-row-v-2 style-1146 style-local-127-c14 position-relative\">\n        <!---->\n        <div class=\"h-row justify-content-lg-center justify-content-md-center justify-content-center align-items-lg-stretch align-items-md-stretch align-items-stretch gutters-col-lg-2 gutters-col-md-2 gutters-col-0 gutters-col-v-lg-2 gutters-col-v-md-2 gutters-col-v-2\">\n          <!---->\n          <div class=\"h-column h-column-container d-flex h-col-lg-auto h-col-md-auto h-col-auto style-1147-outer style-local-127-c15-outer\">\n            <div data-colibri-id=\"127-c15\" class=\"d-flex h-flex-basis h-column__inner h-px-lg-2 h-px-md-2 h-px-2 v-inner-lg-2 v-inner-md-2 v-inner-2 style-1147 style-local-127-c15 position-relative\">\n              <!---->\n              <!---->\n              <div class=\"w-100 h-y-container h-column__content h-column__v-align flex-basis-100 align-self-lg-start align-self-md-start align-self-start\">\n                <!---->\n                <div data-colibri-id=\"127-c16\" class=\"d-block style-1148 style-local-127-c16 position-relative h-element\">\n                  <!---->\n                  <div class=\"h-image__frame-container-outer\">\n                    <div class=\"h-image__frame-container\">\n                      <!---->\n                      <!---->\n                      <img loading=\"lazy\" decoding=\"async\" width=\"1200\" height=\"112\" src=\"https:\/\/serviciosintegralesingenieria.es\/wp-content\/uploads\/2024\/05\/kit-digital-conbandera.png\" class=\"wp-image-1681 style-1148-image style-local-127-c16-image\" alt=\"\" srcset=\"https:\/\/serviciosintegralesingenieria.es\/wp-content\/uploads\/2024\/05\/kit-digital-conbandera.png 1200w, https:\/\/serviciosintegralesingenieria.es\/wp-content\/uploads\/2024\/05\/kit-digital-conbandera-300x28.png 300w, https:\/\/serviciosintegralesingenieria.es\/wp-content\/uploads\/2024\/05\/kit-digital-conbandera-1024x96.png 1024w, https:\/\/serviciosintegralesingenieria.es\/wp-content\/uploads\/2024\/05\/kit-digital-conbandera-768x72.png 768w, https:\/\/serviciosintegralesingenieria.es\/wp-content\/uploads\/2024\/05\/kit-digital-conbandera-18x2.png 18w\" sizes=\"auto, (max-width: 1200px) 100vw, 1200px\" \/>\n                      <div class=\"h-image__frame h-hide-lg h-hide-md h-hide-sm style-1148-frameImage style-local-127-c16-frameImage\"><\/div>\n                    <\/div>\n                  <\/div>\n                <\/div>\n              <\/div>\n            <\/div>\n          <\/div>\n        <\/div>\n      <\/div>\n    <\/div>\n  <\/div>\n<\/div>","protected":false},"excerpt":{"rendered":"<p>SIGMA GROUP ofrece servicios de consultor\u00eda para la optimizaci\u00f3n de operaciones en el sector cementero, minero y de manejo de graneles. Nuestro equipo de consultores ofrece perspectivas estrat\u00e9gicas y soluciones innovadoras para ayudar a nuestros Clientes a alcanzar sus objetivos. Nuestros servicios de consultor\u00eda incluyen: Planificaci\u00f3n estrat\u00e9gica: ayudamos a nuestros Clientes a desarrollar planes estrat\u00e9gicos [&hellip;]<\/p>","protected":false},"author":4,"featured_media":0,"parent":0,"menu_order":0,"comment_status":"closed","ping_status":"closed","template":"page-templates\/full-width-page.php","meta":{"footnotes":""},"class_list":["post-127","page","type-page","status-publish","hentry"],"yoast_head":"<!-- This site is optimized with the Yoast SEO plugin v23.0 - https:\/\/yoast.com\/wordpress\/plugins\/seo\/ -->\n<title>Consultor\u00eda para la Optimizaci\u00f3n de Operaciones - SIGMA, Servicios de Ingenier\u00eda<\/title>\n<meta name=\"robots\" content=\"index, follow, max-snippet:-1, max-image-preview:large, max-video-preview:-1\" \/>\n<link rel=\"canonical\" href=\"https:\/\/serviciosintegralesingenieria.es\/en\/consultoria-en-proyectos-y-operaciones\/\" \/>\n<meta property=\"og:locale\" content=\"en_US\" \/>\n<meta property=\"og:type\" content=\"article\" \/>\n<meta property=\"og:title\" content=\"Consultor\u00eda para la Optimizaci\u00f3n de Operaciones - SIGMA, Servicios de Ingenier\u00eda\" \/>\n<meta property=\"og:description\" content=\"SIGMA GROUP ofrece servicios de consultor\u00eda para la optimizaci\u00f3n de operaciones en el sector cementero, minero y de manejo de graneles. Nuestro equipo de consultores ofrece perspectivas estrat\u00e9gicas y soluciones innovadoras para ayudar a nuestros Clientes a alcanzar sus objetivos. Nuestros servicios de consultor\u00eda incluyen: Planificaci\u00f3n estrat\u00e9gica: ayudamos a nuestros Clientes a desarrollar planes estrat\u00e9gicos [&hellip;]\" \/>\n<meta property=\"og:url\" content=\"https:\/\/serviciosintegralesingenieria.es\/en\/consultoria-en-proyectos-y-operaciones\/\" \/>\n<meta property=\"og:site_name\" content=\"SIGMA, Servicios de Ingenier\u00eda\" \/>\n<meta property=\"article:modified_time\" content=\"2024-05-13T09:58:41+00:00\" \/>\n<meta property=\"og:image\" content=\"https:\/\/serviciosintegralesingenieria.es\/wp-content\/uploads\/2024\/05\/sigma15.jpg\" \/>\n<meta name=\"twitter:card\" content=\"summary_large_image\" \/>\n<meta name=\"twitter:label1\" content=\"Est. reading time\" \/>\n\t<meta name=\"twitter:data1\" content=\"1 minute\" \/>\n<script type=\"application\/ld+json\" class=\"yoast-schema-graph\">{\"@context\":\"https:\/\/schema.org\",\"@graph\":[{\"@type\":\"WebPage\",\"@id\":\"https:\/\/serviciosintegralesingenieria.es\/consultoria-en-proyectos-y-operaciones\/\",\"url\":\"https:\/\/serviciosintegralesingenieria.es\/consultoria-en-proyectos-y-operaciones\/\",\"name\":\"Consultor\u00eda para la Optimizaci\u00f3n de Operaciones - SIGMA, Servicios de Ingenier\u00eda\",\"isPartOf\":{\"@id\":\"https:\/\/serviciosintegralesingenieria.es\/#website\"},\"primaryImageOfPage\":{\"@id\":\"https:\/\/serviciosintegralesingenieria.es\/consultoria-en-proyectos-y-operaciones\/#primaryimage\"},\"image\":{\"@id\":\"https:\/\/serviciosintegralesingenieria.es\/consultoria-en-proyectos-y-operaciones\/#primaryimage\"},\"thumbnailUrl\":\"https:\/\/serviciosintegralesingenieria.es\/wp-content\/uploads\/2024\/05\/sigma15.jpg\",\"datePublished\":\"2023-10-17T13:03:01+00:00\",\"dateModified\":\"2024-05-13T09:58:41+00:00\",\"breadcrumb\":{\"@id\":\"https:\/\/serviciosintegralesingenieria.es\/consultoria-en-proyectos-y-operaciones\/#breadcrumb\"},\"inLanguage\":\"en-US\",\"potentialAction\":[{\"@type\":\"ReadAction\",\"target\":[\"https:\/\/serviciosintegralesingenieria.es\/consultoria-en-proyectos-y-operaciones\/\"]}]},{\"@type\":\"ImageObject\",\"inLanguage\":\"en-US\",\"@id\":\"https:\/\/serviciosintegralesingenieria.es\/consultoria-en-proyectos-y-operaciones\/#primaryimage\",\"url\":\"https:\/\/serviciosintegralesingenieria.es\/wp-content\/uploads\/2024\/05\/sigma15.jpg\",\"contentUrl\":\"https:\/\/serviciosintegralesingenieria.es\/wp-content\/uploads\/2024\/05\/sigma15.jpg\"},{\"@type\":\"BreadcrumbList\",\"@id\":\"https:\/\/serviciosintegralesingenieria.es\/consultoria-en-proyectos-y-operaciones\/#breadcrumb\",\"itemListElement\":[{\"@type\":\"ListItem\",\"position\":1,\"name\":\"Portada\",\"item\":\"https:\/\/serviciosintegralesingenieria.es\/\"},{\"@type\":\"ListItem\",\"position\":2,\"name\":\"Consultor\u00eda para la Optimizaci\u00f3n de Operaciones\"}]},{\"@type\":\"WebSite\",\"@id\":\"https:\/\/serviciosintegralesingenieria.es\/#website\",\"url\":\"https:\/\/serviciosintegralesingenieria.es\/\",\"name\":\"SIGMA, Servicios de Ingenier\u00eda\",\"description\":\"Soluciones integrales de ingenier\u00eda de principio a fin\",\"publisher\":{\"@id\":\"https:\/\/serviciosintegralesingenieria.es\/#organization\"},\"potentialAction\":[{\"@type\":\"SearchAction\",\"target\":{\"@type\":\"EntryPoint\",\"urlTemplate\":\"https:\/\/serviciosintegralesingenieria.es\/?s={search_term_string}\"},\"query-input\":\"required name=search_term_string\"}],\"inLanguage\":\"en-US\"},{\"@type\":\"Organization\",\"@id\":\"https:\/\/serviciosintegralesingenieria.es\/#organization\",\"name\":\"SIGMA, Servicios de Ingenier\u00eda\",\"url\":\"https:\/\/serviciosintegralesingenieria.es\/\",\"logo\":{\"@type\":\"ImageObject\",\"inLanguage\":\"en-US\",\"@id\":\"https:\/\/serviciosintegralesingenieria.es\/#\/schema\/logo\/image\/\",\"url\":\"https:\/\/serviciosintegralesingenieria.es\/wp-content\/uploads\/2023\/11\/logo-para-banner.png\",\"contentUrl\":\"https:\/\/serviciosintegralesingenieria.es\/wp-content\/uploads\/2023\/11\/logo-para-banner.png\",\"width\":439,\"height\":242,\"caption\":\"SIGMA, Servicios de Ingenier\u00eda\"},\"image\":{\"@id\":\"https:\/\/serviciosintegralesingenieria.es\/#\/schema\/logo\/image\/\"}}]}<\/script>\n<!-- \/ Yoast SEO plugin. -->","yoast_head_json":{"title":"Consultor\u00eda para la Optimizaci\u00f3n de Operaciones - SIGMA, Servicios de Ingenier\u00eda","robots":{"index":"index","follow":"follow","max-snippet":"max-snippet:-1","max-image-preview":"max-image-preview:large","max-video-preview":"max-video-preview:-1"},"canonical":"https:\/\/serviciosintegralesingenieria.es\/en\/consultoria-en-proyectos-y-operaciones\/","og_locale":"en_US","og_type":"article","og_title":"Consultor\u00eda para la Optimizaci\u00f3n de Operaciones - SIGMA, Servicios de Ingenier\u00eda","og_description":"SIGMA GROUP ofrece servicios de consultor\u00eda para la optimizaci\u00f3n de operaciones en el sector cementero, minero y de manejo de graneles. Nuestro equipo de consultores ofrece perspectivas estrat\u00e9gicas y soluciones innovadoras para ayudar a nuestros Clientes a alcanzar sus objetivos. Nuestros servicios de consultor\u00eda incluyen: Planificaci\u00f3n estrat\u00e9gica: ayudamos a nuestros Clientes a desarrollar planes estrat\u00e9gicos [&hellip;]","og_url":"https:\/\/serviciosintegralesingenieria.es\/en\/consultoria-en-proyectos-y-operaciones\/","og_site_name":"SIGMA, Servicios de Ingenier\u00eda","article_modified_time":"2024-05-13T09:58:41+00:00","og_image":[{"url":"https:\/\/serviciosintegralesingenieria.es\/wp-content\/uploads\/2024\/05\/sigma15.jpg"}],"twitter_card":"summary_large_image","twitter_misc":{"Est. reading time":"1 minute"},"schema":{"@context":"https:\/\/schema.org","@graph":[{"@type":"WebPage","@id":"https:\/\/serviciosintegralesingenieria.es\/consultoria-en-proyectos-y-operaciones\/","url":"https:\/\/serviciosintegralesingenieria.es\/consultoria-en-proyectos-y-operaciones\/","name":"Consultor\u00eda para la Optimizaci\u00f3n de Operaciones - SIGMA, Servicios de Ingenier\u00eda","isPartOf":{"@id":"https:\/\/serviciosintegralesingenieria.es\/#website"},"primaryImageOfPage":{"@id":"https:\/\/serviciosintegralesingenieria.es\/consultoria-en-proyectos-y-operaciones\/#primaryimage"},"image":{"@id":"https:\/\/serviciosintegralesingenieria.es\/consultoria-en-proyectos-y-operaciones\/#primaryimage"},"thumbnailUrl":"https:\/\/serviciosintegralesingenieria.es\/wp-content\/uploads\/2024\/05\/sigma15.jpg","datePublished":"2023-10-17T13:03:01+00:00","dateModified":"2024-05-13T09:58:41+00:00","breadcrumb":{"@id":"https:\/\/serviciosintegralesingenieria.es\/consultoria-en-proyectos-y-operaciones\/#breadcrumb"},"inLanguage":"en-US","potentialAction":[{"@type":"ReadAction","target":["https:\/\/serviciosintegralesingenieria.es\/consultoria-en-proyectos-y-operaciones\/"]}]},{"@type":"ImageObject","inLanguage":"en-US","@id":"https:\/\/serviciosintegralesingenieria.es\/consultoria-en-proyectos-y-operaciones\/#primaryimage","url":"https:\/\/serviciosintegralesingenieria.es\/wp-content\/uploads\/2024\/05\/sigma15.jpg","contentUrl":"https:\/\/serviciosintegralesingenieria.es\/wp-content\/uploads\/2024\/05\/sigma15.jpg"},{"@type":"BreadcrumbList","@id":"https:\/\/serviciosintegralesingenieria.es\/consultoria-en-proyectos-y-operaciones\/#breadcrumb","itemListElement":[{"@type":"ListItem","position":1,"name":"Portada","item":"https:\/\/serviciosintegralesingenieria.es\/"},{"@type":"ListItem","position":2,"name":"Consultor\u00eda para la Optimizaci\u00f3n de Operaciones"}]},{"@type":"WebSite","@id":"https:\/\/serviciosintegralesingenieria.es\/#website","url":"https:\/\/serviciosintegralesingenieria.es\/","name":"SIGMA, Servicios de Ingenier\u00eda","description":"Soluciones integrales de ingenier\u00eda de principio a fin","publisher":{"@id":"https:\/\/serviciosintegralesingenieria.es\/#organization"},"potentialAction":[{"@type":"SearchAction","target":{"@type":"EntryPoint","urlTemplate":"https:\/\/serviciosintegralesingenieria.es\/?s={search_term_string}"},"query-input":"required name=search_term_string"}],"inLanguage":"en-US"},{"@type":"Organization","@id":"https:\/\/serviciosintegralesingenieria.es\/#organization","name":"SIGMA, Servicios de Ingenier\u00eda","url":"https:\/\/serviciosintegralesingenieria.es\/","logo":{"@type":"ImageObject","inLanguage":"en-US","@id":"https:\/\/serviciosintegralesingenieria.es\/#\/schema\/logo\/image\/","url":"https:\/\/serviciosintegralesingenieria.es\/wp-content\/uploads\/2023\/11\/logo-para-banner.png","contentUrl":"https:\/\/serviciosintegralesingenieria.es\/wp-content\/uploads\/2023\/11\/logo-para-banner.png","width":439,"height":242,"caption":"SIGMA, Servicios de Ingenier\u00eda"},"image":{"@id":"https:\/\/serviciosintegralesingenieria.es\/#\/schema\/logo\/image\/"}}]}},"_links":{"self":[{"href":"https:\/\/serviciosintegralesingenieria.es\/en\/wp-json\/wp\/v2\/pages\/127","targetHints":{"allow":["GET"]}}],"collection":[{"href":"https:\/\/serviciosintegralesingenieria.es\/en\/wp-json\/wp\/v2\/pages"}],"about":[{"href":"https:\/\/serviciosintegralesingenieria.es\/en\/wp-json\/wp\/v2\/types\/page"}],"author":[{"embeddable":true,"href":"https:\/\/serviciosintegralesingenieria.es\/en\/wp-json\/wp\/v2\/users\/4"}],"replies":[{"embeddable":true,"href":"https:\/\/serviciosintegralesingenieria.es\/en\/wp-json\/wp\/v2\/comments?post=127"}],"version-history":[{"count":11,"href":"https:\/\/serviciosintegralesingenieria.es\/en\/wp-json\/wp\/v2\/pages\/127\/revisions"}],"predecessor-version":[{"id":1733,"href":"https:\/\/serviciosintegralesingenieria.es\/en\/wp-json\/wp\/v2\/pages\/127\/revisions\/1733"}],"wp:attachment":[{"href":"https:\/\/serviciosintegralesingenieria.es\/en\/wp-json\/wp\/v2\/media?parent=127"}],"curies":[{"name":"wp","href":"https:\/\/api.w.org\/{rel}","templated":true}]}}